{"id":111,"date":"2020-11-15T07:23:43","date_gmt":"2020-11-15T07:23:43","guid":{"rendered":"https:\/\/dasheimdallprojekt.de\/index.php\/home\/"},"modified":"2023-08-09T05:22:44","modified_gmt":"2023-08-09T05:22:44","slug":"home","status":"publish","type":"page","link":"https:\/\/dasheimdallprojekt.de\/index.php\/home\/","title":{"rendered":"Kontakt DHP"},"content":{"rendered":"\n<h5 class=\"wp-block-heading\"><strong>Stammdaten<\/strong><\/h5>\n\n\n\n<p>Bandname:Das Heimdall ProjektGenre:Metal [Gothic mit keltischen Wurzeln]&nbsp;<\/p>\n\n\n\n<h5 class=\"wp-block-heading\"><strong>Kontaktdaten<\/strong><\/h5>\n\n\n\n<p>Name:das heimdall projektOrt:D &#8211; hohenfels\u00a0<\/p>\n\n\n\n<p>dasheimdallprojekt@gmx.de<\/p>\n\n\n\n<p>Homepage:<a rel=\"noreferrer noopener\" href=\"http:\/\/www.myspace.com\/dasheimdallprojekt\" target=\"_blank\">http:\/\/www.myspace.com\/dasheimdallprojekt<\/a>Kontaktformular:<a href=\"https:\/\/www.track4.de\/agentur\/mailform.php\/8002\">Jetzt E-Mail schreiben!<\/a><\/p>\n\n\n\n<h5 class=\"wp-block-heading\"><strong>Beschreibung<\/strong><\/h5>\n\n\n\n<p>Geh\u00f6r heisch ich euch Ihr hohen und niederen Heimdallss\u00f6hne. Heut will ich erz\u00e4hlen welch alter M\u00e4ren der Menschen ich weis.<br><br>Das Heimdall Projekt&nbsp;<br><br>gewinner des Rock Pop Preis 2005 gothic\/wave&nbsp;&nbsp;<br><br>CD edda zyklus 1 <br><br>.. Das Heimdall Projekt gegr\u00fcndet 09 2004<br><br>deb\u00fct CD edda zyklus 1 10 2006 erh\u00e4ltlich bei www.hitmanmusic.de&nbsp;<br><br>1 . Die Heimdall Hymne<br>2 . Blutrausch&nbsp;<br>3 . Wasser&nbsp;<br>4 . Frei&nbsp;<br>5 . Wache Groa erwache&nbsp;<br>6 . Sigurd&nbsp;<br>7 . Rigsmal&nbsp;<br>8 . W\u00e4chter der finsterniss&nbsp;<br>9 . Ostw\u00e4rts lebt eine alte&nbsp;<br>10 . Die Herscherin&nbsp;<br>11 . 10 000 Krieger&nbsp;<br>12 . Rigsmal neue welle&nbsp;<br><br><br>CD edda zyklus 2 odin records <br><br>1 . Wallhall&nbsp;<br>2 . Der schwarze Hahn&nbsp;<br>3 . Leid&nbsp;<br>4 . Mutter erde&nbsp;<br>5 . Hyndlalied&nbsp;<br>6 . Traumzerst\u00f6rer&nbsp;<br>7 . Nur f\u00fcr mich&nbsp;<br>8 . Heb dich&nbsp;&nbsp;<br>9 . Das Boese lebt&nbsp;<br>10. Reich der asen 11<br>11. Sigurd ist tod&nbsp;<br>12. Loki der meuchler&nbsp;<br><br>cd edda zyklus <br><\/p>\n","protected":false},"excerpt":{"rendered":"<p>Stammdaten Bandname:Das Heimdall ProjektGenre:Metal [Gothic mit keltischen Wurzeln]&nbsp; Kontaktdaten Name:das heimdall projektOrt:D &#8211; hohenfels\u00a0 dasheimdallprojekt@gmx.de Homepage:http:\/\/www.myspace.com\/dasheimdallprojektKontaktformular:Jetzt E-Mail schreiben! Beschreibung Geh\u00f6r<\/p>\n<p><span class=\"more-link\"><a href=\"https:\/\/dasheimdallprojekt.de\/index.php\/home\/\" class=\"readmore\">Continue reading<span class=\"screen-reader-text\">Kontakt DHP<\/span><\/a><\/span><\/p>\n","protected":false},"author":1,"featured_media":108,"parent":0,"menu_order":0,"comment_status":"closed","ping_status":"closed","template":"template-homepage.php","meta":{"footnotes":""},"class_list":["post-111","page","type-page","status-publish","has-post-thumbnail","hentry"],"_links":{"self":[{"href":"https:\/\/dasheimdallprojekt.de\/index.php\/wp-json\/wp\/v2\/pages\/111","targetHints":{"allow":["GET"]}}],"collection":[{"href":"https:\/\/dasheimdallprojekt.de\/index.php\/wp-json\/wp\/v2\/pages"}],"about":[{"href":"https:\/\/dasheimdallprojekt.de\/index.php\/wp-json\/wp\/v2\/types\/page"}],"author":[{"embeddable":true,"href":"https:\/\/dasheimdallprojekt.de\/index.php\/wp-json\/wp\/v2\/users\/1"}],"replies":[{"embeddable":true,"href":"https:\/\/dasheimdallprojekt.de\/index.php\/wp-json\/wp\/v2\/comments?post=111"}],"version-history":[{"count":3,"href":"https:\/\/dasheimdallprojekt.de\/index.php\/wp-json\/wp\/v2\/pages\/111\/revisions"}],"predecessor-version":[{"id":589,"href":"https:\/\/dasheimdallprojekt.de\/index.php\/wp-json\/wp\/v2\/pages\/111\/revisions\/589"}],"wp:featuredmedia":[{"embeddable":true,"href":"https:\/\/dasheimdallprojekt.de\/index.php\/wp-json\/wp\/v2\/media\/108"}],"wp:attachment":[{"href":"https:\/\/dasheimdallprojekt.de\/index.php\/wp-json\/wp\/v2\/media?parent=111"}],"curies":[{"name":"wp","href":"https:\/\/api.w.org\/{rel}","templated":true}]}}